{"id":12205,"date":"2023-05-01T15:54:26","date_gmt":"2023-05-01T19:54:26","guid":{"rendered":"https:\/\/montfort1.wpenginepowered.com\/perceuse-automatique-lesther-j-12d\/"},"modified":"2023-05-01T16:00:21","modified_gmt":"2023-05-01T20:00:21","slug":"lesther-j-12d-automatic-drilling-machine","status":"publish","type":"product","link":"https:\/\/montfort-international.com\/en\/lesther-j-12d-automatic-drilling-machine\/","title":{"rendered":"LESTHER J-12D Automatic Drilling Machine"},"content":{"rendered":"","protected":false},"excerpt":{"rendered":"<p>Perceuse automatique \u00e0 12 t\u00eates. Chaque t\u00eate a un moteur 1HP. Course de l'AXE Y de 100mm et course de l'AXE X de 4.5m (6.5m en option).<\/p>\n","protected":false},"featured_media":12204,"template":"","format":"standard","meta":{"_acf_changed":false},"marque":[868],"product_brand":[],"product_cat":[698,634],"product_tag":[],"class_list":{"0":"post-12205","1":"product","2":"type-product","3":"status-publish","4":"format-standard","5":"has-post-thumbnail","7":"marque-lesther","8":"product_cat-drilling-and-tapping-machines","9":"product_cat-industrial-equipment","11":"first","12":"instock","13":"taxable","14":"shipping-taxable","15":"product-type-simple"},"acf":[],"_links":{"self":[{"href":"https:\/\/montfort-international.com\/en\/wp-json\/wp\/v2\/product\/12205","targetHints":{"allow":["GET"]}}],"collection":[{"href":"https:\/\/montfort-international.com\/en\/wp-json\/wp\/v2\/product"}],"about":[{"href":"https:\/\/montfort-international.com\/en\/wp-json\/wp\/v2\/types\/product"}],"wp:featuredmedia":[{"embeddable":true,"href":"https:\/\/montfort-international.com\/en\/wp-json\/wp\/v2\/media\/12204"}],"wp:attachment":[{"href":"https:\/\/montfort-international.com\/en\/wp-json\/wp\/v2\/media?parent=12205"}],"wp:term":[{"taxonomy":"marque","embeddable":true,"href":"https:\/\/montfort-international.com\/en\/wp-json\/wp\/v2\/marque?post=12205"},{"taxonomy":"product_brand","embeddable":true,"href":"https:\/\/montfort-international.com\/en\/wp-json\/wp\/v2\/product_brand?post=12205"},{"taxonomy":"product_cat","embeddable":true,"href":"https:\/\/montfort-international.com\/en\/wp-json\/wp\/v2\/product_cat?post=12205"},{"taxonomy":"product_tag","embeddable":true,"href":"https:\/\/montfort-international.com\/en\/wp-json\/wp\/v2\/product_tag?post=12205"}],"curies":[{"name":"wp","href":"https:\/\/api.w.org\/{rel}","templated":true}]}}